{"id":13,"date":"2019-11-16T14:22:13","date_gmt":"2019-11-16T13:22:13","guid":{"rendered":"http:\/\/mfhohenlimburg.de\/wordpress\/?page_id=13"},"modified":"2021-03-02T22:22:26","modified_gmt":"2021-03-02T21:22:26","slug":"unser-verein","status":"publish","type":"page","link":"https:\/\/mfhohenlimburg.de\/wordpress\/unser-verein\/","title":{"rendered":"Unser Verein"},"content":{"rendered":"\n<p> Die Motor-Freunde Hohenlimburg wurden 1964 gegr\u00fcndet.<\/p>\n\n\n\n<p>Als ADAC Ortsclub und eingetragener Verein geh\u00f6ren wir dem Verband f\u00fcr Sport in Hohenlimburg, dem Stadtsportbund Hagen sowie dem Landessportbund Nordrhein-Westfalen an. <\/p>\n\n\n\n<p>Wir sind  aktiv  in  den  Bereichen  der  Motor-Touristik  und  des Motorsports. <\/p>\n\n\n\n<figure class=\"wp-block-image size-large\"><img fetchpriority=\"high\" decoding=\"async\" width=\"300\" height=\"225\" src=\"https:\/\/mfhohenlimburg.de\/wordpress\/wp-content\/uploads\/2019\/11\/MFH-Flyer_Bild_klein.jpg\" alt=\"\" class=\"wp-image-228\" srcset=\"https:\/\/mfhohenlimburg.de\/wordpress\/wp-content\/uploads\/2019\/11\/MFH-Flyer_Bild_klein.jpg 300w, https:\/\/mfhohenlimburg.de\/wordpress\/wp-content\/uploads\/2019\/11\/MFH-Flyer_Bild_klein-230x173.jpg 230w\" sizes=\"(max-width: 300px) 100vw, 300px\" \/><\/figure>\n\n\n\n<div class=\"wp-block-file\"><a href=\"https:\/\/mfhohenlimburg.de\/wordpress\/wp-content\/uploads\/2019\/11\/MF-Hohenlimburg_Flyer.pdf\" target=\"_blank\" rel=\"noreferrer noopener\">MF-Hohenlimburg_Flyer<\/a><a href=\"https:\/\/mfhohenlimburg.de\/wordpress\/wp-content\/uploads\/2019\/11\/MF-Hohenlimburg_Flyer.pdf\" class=\"wp-block-file__button\" download>Herunterladen<\/a><\/div>\n","protected":false},"excerpt":{"rendered":"<p>Die Motor-Freunde Hohenlimburg wurden 1964 gegr\u00fcndet. Als ADAC Ortsclub und eingetragener Verein geh\u00f6ren wir dem Verband f\u00fcr Sport in Hohenlimburg, dem Stadtsportbund [&hellip;]<\/p>\n","protected":false},"author":1,"featured_media":0,"parent":0,"menu_order":0,"comment_status":"closed","ping_status":"closed","template":"","meta":{"footnotes":""},"class_list":["post-13","page","type-page","status-publish","hentry"],"_links":{"self":[{"href":"https:\/\/mfhohenlimburg.de\/wordpress\/wp-json\/wp\/v2\/pages\/13","targetHints":{"allow":["GET"]}}],"collection":[{"href":"https:\/\/mfhohenlimburg.de\/wordpress\/wp-json\/wp\/v2\/pages"}],"about":[{"href":"https:\/\/mfhohenlimburg.de\/wordpress\/wp-json\/wp\/v2\/types\/page"}],"author":[{"embeddable":true,"href":"https:\/\/mfhohenlimburg.de\/wordpress\/wp-json\/wp\/v2\/users\/1"}],"replies":[{"embeddable":true,"href":"https:\/\/mfhohenlimburg.de\/wordpress\/wp-json\/wp\/v2\/comments?post=13"}],"version-history":[{"count":10,"href":"https:\/\/mfhohenlimburg.de\/wordpress\/wp-json\/wp\/v2\/pages\/13\/revisions"}],"predecessor-version":[{"id":538,"href":"https:\/\/mfhohenlimburg.de\/wordpress\/wp-json\/wp\/v2\/pages\/13\/revisions\/538"}],"wp:attachment":[{"href":"https:\/\/mfhohenlimburg.de\/wordpress\/wp-json\/wp\/v2\/media?parent=13"}],"curies":[{"name":"wp","href":"https:\/\/api.w.org\/{rel}","templated":true}]}}