{"id":175,"date":"2019-11-19T21:43:38","date_gmt":"2019-11-19T20:43:38","guid":{"rendered":"https:\/\/mfhohenlimburg.de\/wordpress\/?page_id=175"},"modified":"2021-08-20T16:59:29","modified_gmt":"2021-08-20T14:59:29","slug":"datenschutz","status":"publish","type":"page","link":"https:\/\/mfhohenlimburg.de\/wordpress\/datenschutz\/","title":{"rendered":"Datenschutz"},"content":{"rendered":"\n<h2 class=\"wp-block-heading\">Datenschutzerkl\u00e4rung<\/h2>\n\n\n\n<h3 class=\"wp-block-heading\"><strong>1. Datenschutz auf einen Blick<\/strong><\/h3>\n\n\n\n<h4 class=\"wp-block-heading\"><strong>Allgemeine Hinweise<\/strong><\/h4>\n\n\n\n<p>Die folgenden Hinweise geben einen einfachen \u00dcberblick dar\u00fcber,\nwas mit Ihren personenbezogenen Daten passiert, wenn Sie diese Website\nbesuchen. Personenbezogene Daten sind alle Daten, mit denen Sie pers\u00f6nlich\nidentifiziert werden k\u00f6nnen. Ausf\u00fchrliche Informationen zum Thema Datenschutz\nentnehmen Sie unserer unter diesem Text aufgef\u00fchrten Datenschutzerkl\u00e4rung.<\/p>\n\n\n\n<h4 class=\"wp-block-heading\"><strong>Datenerfassung auf dieser Website<\/strong><\/h4>\n\n\n\n<p><strong>Wer ist verantwortlich f\u00fcr die Datenerfassung auf dieser\nWebsite?<\/strong><\/p>\n\n\n\n<p>Die Datenverarbeitung auf dieser Website erfolgt durch den\nWebsitebetreiber. Dessen Kontaktdaten k\u00f6nnen Sie dem Impressum dieser Website\nentnehmen.<\/p>\n\n\n\n<p><strong>Wie erfassen wir Ihre Daten?<\/strong><\/p>\n\n\n\n<p>Ihre Daten werden zum einen dadurch erhoben, dass Sie uns diese\nmitteilen. Hierbei kann es sich z. B. um Daten handeln, die Sie in ein\nKontaktformular eingeben.<\/p>\n\n\n\n<p>Andere Daten werden automatisch beim Besuch der Website durch\nunsere IT-Systeme erfasst. Das sind vor allem technische Daten (z. B.\nInternetbrowser, Betriebssystem oder Uhrzeit des Seitenaufrufs). Die Erfassung\ndieser Daten erfolgt automatisch, sobald Sie diese Website betreten.<\/p>\n\n\n\n<p><strong>Wof\u00fcr nutzen wir Ihre Daten?<\/strong><\/p>\n\n\n\n<p>Ein Teil der Daten wird erhoben, um eine fehlerfreie\nBereitstellung der Website zu gew\u00e4hrleisten. Andere Daten k\u00f6nnen zur Analyse\nIhres Nutzerverhaltens verwendet werden.<\/p>\n\n\n\n<p><strong>Welche Rechte haben Sie bez\u00fcglich Ihrer Daten?<\/strong><\/p>\n\n\n\n<p>Sie haben jederzeit das Recht unentgeltlich Auskunft \u00fcber\nHerkunft, Empf\u00e4nger und Zweck Ihrer gespeicherten personenbezogenen Daten zu\nerhalten. Sie haben au\u00dferdem ein Recht, die Berichtigung oder L\u00f6schung dieser\nDaten zu verlangen. Hierzu sowie zu weiteren Fragen zum Thema Datenschutz\nk\u00f6nnen Sie sich jederzeit unter der im Impressum angegebenen Adresse an uns\nwenden. Des Weiteren steht Ihnen ein Beschwerderecht bei der zust\u00e4ndigen\nAufsichtsbeh\u00f6rde zu.<\/p>\n\n\n\n<p>Au\u00dferdem haben Sie das Recht, unter bestimmten Umst\u00e4nden die\nEinschr\u00e4nkung der Verarbeitung Ihrer personenbezogenen Daten zu verlangen.\nDetails hierzu entnehmen Sie der Datenschutzerkl\u00e4rung unter \u201eRecht auf\nEinschr\u00e4nkung der Verarbeitung\u201c.<\/p>\n\n\n\n<h4 class=\"wp-block-heading\"><strong>Analyse-Tools und Tools von Drittanbietern<\/strong><\/h4>\n\n\n\n<p>Beim Besuch dieser Website kann Ihr Surf-Verhalten statistisch\nausgewertet werden. Das geschieht vor allem mit Cookies und mit sogenannten\nAnalyseprogrammen. Die Analyse Ihres Surf-Verhaltens erfolgt in der Regel\nanonym; das Surf-Verhalten kann nicht zu Ihnen zur\u00fcckverfolgt werden.<\/p>\n\n\n\n<p>Sie k\u00f6nnen dieser Analyse widersprechen oder sie durch die\nNichtbenutzung bestimmter Tools verhindern. Detaillierte Informationen zu\ndiesen Tools und \u00fcber Ihre Widerspruchsm\u00f6glichkeiten finden Sie in der folgenden\nDatenschutzerkl\u00e4rung.<\/p>\n\n\n\n<h3 class=\"wp-block-heading\"><strong>2. Hosting<\/strong><\/h3>\n\n\n\n<h4 class=\"wp-block-heading\"><strong>Externes Hosting<\/strong><\/h4>\n\n\n\n<p>Diese Website wird bei einem externen Dienstleister gehostet\n(Hoster). Die personenbezogenen Daten, die auf dieser Website erfasst werden,\nwerden auf den Servern des Hosters gespeichert. Hierbei kann es sich v. a. um\nIP-Adressen, Kontaktanfragen, Meta- und Kommunikationsdaten, Vertragsdaten,\nKontaktdaten, Namen, Webseitenzugriffe und sonstige Daten, die \u00fcber eine\nWebsite generiert werden, handeln.<\/p>\n\n\n\n<p>Der Einsatz des Hosters erfolgt zum Zwecke der Vertragserf\u00fcllung\ngegen\u00fcber unseren potenziellen und bestehenden Kunden (Art. 6 Abs. 1 lit. b\nDSGVO) und im Interesse einer sicheren, schnellen und effizienten Bereitstellung\nunseres Online-Angebots durch einen professionellen Anbieter (Art. 6 Abs. 1\nlit. f DSGVO).<\/p>\n\n\n\n<p>Unser Hoster wird Ihre Daten nur insoweit verarbeiten, wie dies\nzur Erf\u00fcllung seiner Leistungspflichten erforderlich ist und unsere Weisungen\nin Bezug auf diese Daten befolgen.<\/p>\n\n\n\n<h3 class=\"wp-block-heading\"><strong>3. Allgemeine Hinweise und Pflichtinformationen<\/strong><\/h3>\n\n\n\n<h4 class=\"wp-block-heading\"><strong>Datenschutz<\/strong><\/h4>\n\n\n\n<p>Die Betreiber dieser Seiten nehmen den Schutz Ihrer pers\u00f6nlichen\nDaten sehr ernst. Wir behandeln Ihre personenbezogenen Daten vertraulich und\nentsprechend der gesetzlichen Datenschutzvorschriften sowie dieser\nDatenschutzerkl\u00e4rung.<\/p>\n\n\n\n<p>Wenn Sie diese Website benutzen, werden verschiedene\npersonenbezogene Daten erhoben. Personenbezogene Daten sind Daten, mit denen\nSie pers\u00f6nlich identifiziert werden k\u00f6nnen. Die vorliegende Datenschutzerkl\u00e4rung\nerl\u00e4utert, welche Daten wir erheben und wof\u00fcr wir sie nutzen. Sie erl\u00e4utert\nauch, wie und zu welchem Zweck das geschieht.<\/p>\n\n\n\n<p>Wir weisen darauf hin, dass die Daten\u00fcbertragung im Internet (z.\nB. bei der Kommunikation per E-Mail) Sicherheitsl\u00fccken aufweisen kann. Ein\nl\u00fcckenloser Schutz der Daten vor dem Zugriff durch Dritte ist nicht m\u00f6glich.<\/p>\n\n\n\n<h4 class=\"wp-block-heading\"><strong>Hinweis zur verantwortlichen Stelle<\/strong><\/h4>\n\n\n\n<p>Die verantwortliche Stelle f\u00fcr die Datenverarbeitung auf dieser\nWebsite ist:<\/p>\n\n\n\n<p>Motor-Freunde Hohenlimburg e.V. im ADAC<br>Auf dem L\u00f6lfert 3<br>58119 Hagen<\/p>\n\n\n\n<p>Telefon: +49 (0) 2334 59824<br>E-Mail: info@mfhohenlimburg.de <\/p>\n\n\n\n<p>Verantwortliche Stelle ist die nat\u00fcrliche oder juristische Person,\ndie allein oder gemeinsam mit anderen \u00fcber die Zwecke und Mittel der\nVerarbeitung von personenbezogenen Daten (z. B. Namen, E-Mail-Adressen o. \u00c4.) entscheidet.<\/p>\n\n\n\n<h4 class=\"wp-block-heading\"><strong>Widerruf Ihrer Einwilligung zur Datenverarbeitung<\/strong><\/h4>\n\n\n\n<p>Viele Datenverarbeitungsvorg\u00e4nge sind nur mit Ihrer ausdr\u00fccklichen\nEinwilligung m\u00f6glich. Sie k\u00f6nnen eine bereits erteilte Einwilligung jederzeit\nwiderrufen. Dazu reicht eine formlose Mitteilung per E-Mail an uns. Die\nRechtm\u00e4\u00dfigkeit der bis zum Widerruf erfolgten Datenverarbeitung bleibt vom\nWiderruf unber\u00fchrt.<\/p>\n\n\n\n<h4 class=\"wp-block-heading\"><strong>Widerspruchsrecht gegen die Datenerhebung in besonderen F\u00e4llen sowie gegen<\/strong>  <strong>Direktwerbung (Art. 21 DSGVO)<\/strong> <\/h4>\n\n\n\n<p>WENN DIE DATENVERARBEITUNG AUF GRUNDLAGE VON ART. 6 ABS. 1 LIT. E\nODER F DSGVO ERFOLGT, HABEN SIE JEDERZEIT DAS RECHT, AUS GR\u00dcNDEN, DIE SICH AUS\nIHRER BESONDEREN SITUATION ERGEBEN, GEGEN DIE VERARBEITUNG IHRER\nPERSONENBEZOGENEN DATEN WIDERSPRUCH EINZULEGEN; DIES GILT AUCH F\u00dcR EIN AUF\nDIESE BESTIMMUNGEN GEST\u00dcTZTES PROFILING. DIE JEWEILIGE RECHTSGRUNDLAGE, AUF\nDENEN EINE VERARBEITUNG BERUHT, ENTNEHMEN SIE DIESER DATENSCHUTZERKL\u00c4RUNG. WENN\nSIE WIDERSPRUCH EINLEGEN, WERDEN WIR IHRE BETROFFENEN PERSONENBEZOGENEN DATEN\nNICHT MEHR VERARBEITEN, ES SEI DENN, WIR K\u00d6NNEN ZWINGENDE SCHUTZW\u00dcRDIGE GR\u00dcNDE\nF\u00dcR DIE VERARBEITUNG NACHWEISEN, DIE IHRE INTERESSEN, RECHTE UND FREIHEITEN\n\u00dcBERWIEGEN ODER DIE VERARBEITUNG DIENT DER GELTENDMACHUNG, AUS\u00dcBUNG ODER\nVERTEIDIGUNG VON RECHTSANSPR\u00dcCHEN (WIDERSPRUCH NACH ART. 21 ABS. 1 DSGVO).<\/p>\n\n\n\n<p>WERDEN IHRE PERSONENBEZOGENEN DATEN VERARBEITET, UM DIREKTWERBUNG\nZU BETREIBEN, SO HABEN SIE DAS RECHT, JEDERZEIT WIDERSPRUCH GEGEN DIE\nVERARBEITUNG SIE BETREFFENDER PERSONENBEZOGENER DATEN ZUM ZWECKE DERARTIGER\nWERBUNG EINZULEGEN; DIES GILT AUCH F\u00dcR DAS PROFILING, SOWEIT ES MIT SOLCHER\nDIREKTWERBUNG IN VERBINDUNG STEHT. WENN SIE WIDERSPRECHEN, WERDEN IHRE\nPERSONENBEZOGENEN DATEN ANSCHLIESSEND NICHT MEHR ZUM ZWECKE DER DIREKTWERBUNG\nVERWENDET (WIDERSPRUCH NACH ART. 21 ABS. 2 DSGVO).<\/p>\n\n\n\n<h4 class=\"wp-block-heading\"><strong>Beschwerderecht bei der zust\u00e4ndigen Aufsichtsbeh\u00f6rde<\/strong><\/h4>\n\n\n\n<p>Im Falle von Verst\u00f6\u00dfen gegen die DSGVO steht den Betroffenen ein\nBeschwerderecht bei einer Aufsichtsbeh\u00f6rde, insbesondere in dem Mitgliedstaat\nihres gew\u00f6hnlichen Aufenthalts, ihres Arbeitsplatzes oder des Orts des\nmutma\u00dflichen Versto\u00dfes zu. Das Beschwerderecht besteht unbeschadet\nanderweitiger verwaltungsrechtlicher oder gerichtlicher Rechtsbehelfe.<\/p>\n\n\n\n<h4 class=\"wp-block-heading\"><strong>Recht auf Daten\u00fcbertragbarkeit<\/strong><\/h4>\n\n\n\n<p>Sie haben das Recht, Daten, die wir auf Grundlage Ihrer\nEinwilligung oder in Erf\u00fcllung eines Vertrags automatisiert verarbeiten, an\nsich oder an einen Dritten in einem g\u00e4ngigen, maschinenlesbaren Format aush\u00e4ndigen\nzu lassen. Sofern Sie die direkte \u00dcbertragung der Daten an einen anderen\nVerantwortlichen verlangen, erfolgt dies nur, soweit es technisch machbar ist.<\/p>\n\n\n\n<h4 class=\"wp-block-heading\"><strong>SSL- bzw. TLS-Verschl\u00fcsselung<\/strong><\/h4>\n\n\n\n<p>Diese Seite nutzt aus Sicherheitsgr\u00fcnden und zum Schutz der\n\u00dcbertragung vertraulicher Inhalte, wie zum Beispiel Bestellungen oder Anfragen,\ndie Sie an uns als Seitenbetreiber senden, eine SSL- bzw. TLSVerschl\u00fcsselung. Eine\nverschl\u00fcsselte Verbindung erkennen Sie daran, dass die Adresszeile des Browsers\nvon \u201ehttp:\/\/\u201c auf \u201ehttps:\/\/\u201c wechselt und an dem Schloss-Symbol in Ihrer\nBrowserzeile.<\/p>\n\n\n\n<p>Wenn die SSL- bzw. TLS-Verschl\u00fcsselung aktiviert ist, k\u00f6nnen die\nDaten, die Sie an uns \u00fcbermitteln, nicht von Dritten mitgelesen werden.<\/p>\n\n\n\n<h4 class=\"wp-block-heading\"><strong>Auskunft, L\u00f6schung und Berichtigung<\/strong><\/h4>\n\n\n\n<p>Sie haben im Rahmen der geltenden gesetzlichen Bestimmungen\njederzeit das Recht auf unentgeltliche Auskunft \u00fcber Ihre gespeicherten personenbezogenen\nDaten, deren Herkunft und Empf\u00e4nger und den Zweck der Datenverarbeitung und\nggf. ein Recht auf Berichtigung oder L\u00f6schung dieser Daten. Hierzu sowie zu\nweiteren Fragen zum Thema personenbezogene Daten k\u00f6nnen Sie sich jederzeit\nunter der im Impressum angegebenen Adresse an uns wenden.<\/p>\n\n\n\n<h4 class=\"wp-block-heading\"><strong>Recht auf Einschr\u00e4nkung der Verarbeitung<\/strong><\/h4>\n\n\n\n<p>Sie haben das Recht, die Einschr\u00e4nkung der Verarbeitung Ihrer\npersonenbezogenen Daten zu verlangen. Hierzu k\u00f6nnen Sie sich jederzeit unter\nder im Impressum angegebenen Adresse an uns wenden. Das Recht auf Einschr\u00e4nkung\nder Verarbeitung besteht in folgenden F\u00e4llen:<\/p>\n\n\n\n<ul class=\"wp-block-list\"><li>Wenn Sie die Richtigkeit Ihrer\nbei uns gespeicherten personenbezogenen Daten bestreiten, ben\u00f6tigen wir in der\nRegel Zeit, um dies zu \u00fcberpr\u00fcfen. F\u00fcr die Dauer der Pr\u00fcfung haben Sie das\nRecht, die Einschr\u00e4nkung der Verarbeitung Ihrer personenbezogenen Daten zu\nverlangen.<\/li><li>Wenn die Verarbeitung Ihrer\npersonenbezogenen Daten unrechtm\u00e4\u00dfig geschah\/geschieht, k\u00f6nnen Sie statt der\nL\u00f6schung die Einschr\u00e4nkung der Datenverarbeitung verlangen.<\/li><li>Wenn wir Ihre personenbezogenen\nDaten nicht mehr ben\u00f6tigen, Sie sie jedoch zur Aus\u00fcbung, Verteidigung oder\nGeltendmachung von Rechtsanspr\u00fcchen ben\u00f6tigen, haben Sie das Recht, statt der L\u00f6schung\ndie Einschr\u00e4nkung der Verarbeitung Ihrer personenbezogenen Daten zu verlangen.<\/li><li>Wenn Sie einen Widerspruch nach\nArt. 21 Abs. 1 DSGVO eingelegt haben, muss eine Abw\u00e4gung zwischen Ihren und\nunseren Interessen vorgenommen werden. Solange noch nicht feststeht, wessen\nInteressen \u00fcberwiegen, haben Sie das Recht, die Einschr\u00e4nkung der Verarbeitung\nIhrer personenbezogenen Daten zu verlangen.<\/li><\/ul>\n\n\n\n<p>Wenn Sie die Verarbeitung Ihrer personenbezogenen Daten\neingeschr\u00e4nkt haben, d\u00fcrfen diese Daten \u2013 von ihrer Speicherung abgesehen \u2013 nur\nmit Ihrer Einwilligung oder zur Geltendmachung, Aus\u00fcbung oder Verteidigung von\nRechtsanspr\u00fcchen oder zum Schutz der Rechte einer anderen nat\u00fcrlichen oder juristischen\nPerson oder aus Gr\u00fcnden eines wichtigen \u00f6ffentlichen Interesses der\nEurop\u00e4ischen Union oder eines Mitgliedstaats verarbeitet werden.<\/p>\n\n\n\n<h4 class=\"wp-block-heading\"><strong>Widerspruch gegen Werbe-E-Mails<\/strong><\/h4>\n\n\n\n<p>Der Nutzung von im Rahmen der Impressumspflicht ver\u00f6ffentlichten\nKontaktdaten zur \u00dcbersendung von nicht ausdr\u00fccklich angeforderter Werbung und\nInformationsmaterialien wird hiermit widersprochen. Die Betreiber der Seiten\nbehalten sich ausdr\u00fccklich rechtliche Schritte im Falle der unverlangten\nZusendung von Werbeinformationen, etwa durch Spam-E-Mails, vor.<\/p>\n\n\n\n<h3 class=\"wp-block-heading\"><strong>4. Datenerfassung auf dieser Website<\/strong><\/h3>\n\n\n\n<h4 class=\"wp-block-heading\"><strong>Cookies<\/strong><\/h4>\n\n\n\n<p>Die Internetseiten verwenden teilweise so genannte Cookies.\nCookies richten auf Ihrem Rechner keinen Schaden an und enthalten keine Viren.\nCookies dienen dazu, unser Angebot nutzerfreundlicher, effektiver und sicherer\nzu machen. Cookies sind kleine Textdateien, die auf Ihrem Rechner abgelegt\nwerden und die Ihr Browser speichert.<\/p>\n\n\n\n<p>Die meisten der von uns verwendeten Cookies sind so genannte \u201eSession-Cookies\u201c.\nSie werden nach Ende Ihres Besuchs automatisch gel\u00f6scht. Andere Cookies bleiben\nauf Ihrem Endger\u00e4t gespeichert bis Sie diese l\u00f6schen. Diese Cookies erm\u00f6glichen\nes uns, Ihren Browser beim n\u00e4chsten Besuch wiederzuerkennen.<\/p>\n\n\n\n<p>Sie k\u00f6nnen Ihren Browser so einstellen, dass Sie \u00fcber das Setzen\nvon Cookies informiert werden und Cookies nur im Einzelfall erlauben, die\nAnnahme von Cookies f\u00fcr bestimmte F\u00e4lle oder generell ausschlie\u00dfen sowie das\nautomatische L\u00f6schen der Cookies beim Schlie\u00dfen des Browsers aktivieren. Bei\nder Deaktivierung von Cookies kann die Funktionalit\u00e4t dieser Website\neingeschr\u00e4nkt sein.<\/p>\n\n\n\n<p>Cookies, die zur Durchf\u00fchrung des elektronischen\nKommunikationsvorgangs oder zur Bereitstellung bestimmter, von Ihnen\nerw\u00fcnschter Funktionen (z. B. Warenkorbfunktion) erforderlich sind, werden auf Grundlage\nvon Art. 6 Abs. 1 lit. f DSGVO gespeichert. Der Websitebetreiber hat ein\nberechtigtes Interesse an der Speicherung von Cookies zur technisch\nfehlerfreien und optimierten Bereitstellung seiner Dienste. Sofern eine\nentsprechende Einwilligung abgefragt wurde (z. B. eine Einwilligung zur\nSpeicherung von Cookies), erfolgt die Verarbeitung ausschlie\u00dflich auf Grundlage\nvon Art. 6 Abs. 1 lit. a DSGVO; die Einwilligung ist jederzeit widerrufbar.<\/p>\n\n\n\n<p>Soweit andere Cookies (z. B. Cookies zur Analyse Ihres\nSurfverhaltens) gespeichert werden, werden diese in dieser Datenschutzerkl\u00e4rung\ngesondert behandelt.<\/p>\n\n\n\n<h4 class=\"wp-block-heading\"><strong>Server-Log-Dateien<\/strong><\/h4>\n\n\n\n<p>Der Provider der Seiten erhebt und speichert automatisch\nInformationen in so genannten Server-Log- Dateien, die Ihr Browser automatisch\nan uns \u00fcbermittelt. Dies sind:<\/p>\n\n\n\n<ul class=\"wp-block-list\"><li>Browsertyp und Browserversion<\/li><li>verwendetes Betriebssystem<\/li><li>Referrer URL<\/li><li>Hostname des zugreifenden\nRechners<\/li><li>Uhrzeit der Serveranfrage<\/li><li>IP-Adresse<\/li><\/ul>\n\n\n\n<p>Eine Zusammenf\u00fchrung dieser Daten mit anderen Datenquellen wird\nnicht vorgenommen.<\/p>\n\n\n\n<p>Die Erfassung dieser Daten erfolgt auf Grundlage von Art. 6 Abs. 1\nlit. f DSGVO. Der Websitebetreiber hat ein berechtigtes Interesse an der\ntechnisch fehlerfreien Darstellung und der Optimierung seiner Website \u2013 hierzu\nm\u00fcssen die Server-Log-Files erfasst werden.<\/p>\n\n\n\n<h4 class=\"wp-block-heading\"><strong>Kontaktformular<\/strong><\/h4>\n\n\n\n<p>Wenn Sie uns per Kontaktformular Anfragen zukommen lassen, werden\nIhre Angaben aus dem Anfrageformular inklusive der von Ihnen dort angegebenen\nKontaktdaten zwecks Bearbeitung der Anfrage und f\u00fcr den Fall von\nAnschlussfragen bei uns gespeichert. Diese Daten geben wir nicht ohne Ihre Einwilligung\nweiter.<\/p>\n\n\n\n<p>Die Verarbeitung dieser Daten erfolgt auf Grundlage von Art. 6\nAbs. 1 lit. b DSGVO, sofern Ihre Anfrage mit der Erf\u00fcllung eines Vertrags\nzusammenh\u00e4ngt oder zur Durchf\u00fchrung vorvertraglicher Ma\u00dfnahmen erforderlich\nist. In allen \u00fcbrigen F\u00e4llen beruht die Verarbeitung auf unserem berechtigten\nInteresse an der effektiven Bearbeitung der an uns gerichteten Anfragen (Art. 6\nAbs. 1 lit. f DSGVO) oder auf Ihrer Einwilligung (Art. 6 Abs. 1 lit. a DSGVO)\nsofern diese abgefragt wurde.<\/p>\n\n\n\n<p>Die von Ihnen im Kontaktformular eingegebenen Daten verbleiben bei\nuns, bis Sie uns zur L\u00f6schung auffordern, Ihre Einwilligung zur Speicherung\nwiderrufen oder der Zweck f\u00fcr die Datenspeicherung entf\u00e4llt (z. B. nach\nabgeschlossener Bearbeitung Ihrer Anfrage). Zwingende gesetzliche Bestimmungen \u2013\ninsbesondere Aufbewahrungsfristen \u2013 bleiben unber\u00fchrt.<\/p>\n\n\n\n<h4 class=\"wp-block-heading\"><strong>Anfrage per E-Mail, Telefon oder Telefax<\/strong><\/h4>\n\n\n\n<p>Wenn Sie uns per E-Mail, Telefon oder Telefax kontaktieren, wird\nIhre Anfrage inklusive aller daraus hervorgehenden personenbezogenen Daten\n(Name, Anfrage) zum Zwecke der Bearbeitung Ihres Anliegens bei uns gespeichert\nund verarbeitet. Diese Daten geben wir nicht ohne Ihre Einwilligung weiter.<\/p>\n\n\n\n<p>Die Verarbeitung dieser Daten erfolgt auf Grundlage von Art. 6\nAbs. 1 lit. b DSGVO, sofern Ihre Anfrage mit der Erf\u00fcllung eines Vertrags\nzusammenh\u00e4ngt oder zur Durchf\u00fchrung vorvertraglicher Ma\u00dfnahmen erforderlich\nist. In allen \u00fcbrigen F\u00e4llen beruht die Verarbeitung auf Ihrer Einwilligung\n(Art. 6 Abs. 1 lit. a DSGVO) und\/oder auf unseren berechtigten Interessen (Art.\n6 Abs. 1 lit. f DSGVO), da wir ein berechtigtes Interesse an der effektiven\nBearbeitung der an uns gerichteten Anfragen haben.<\/p>\n\n\n\n<p>Die von Ihnen an uns per Kontaktanfragen \u00fcbersandten Daten\nverbleiben bei uns, bis Sie uns zur L\u00f6schung auffordern, Ihre Einwilligung zur\nSpeicherung widerrufen oder der Zweck f\u00fcr die Datenspeicherung entf\u00e4llt (z. B.\nnach abgeschlossener Bearbeitung Ihres Anliegens). Zwingende gesetzliche\nBestimmungen \u2013 insbesondere gesetzliche Aufbewahrungsfristen \u2013 bleiben\nunber\u00fchrt. <\/p>\n\n\n\n<p>Quelle:<\/p>\n\n\n\n<p><a href=\"https:\/\/www.e-recht24.de\/muster-datenschutzerklaerung.html\">e-recht24.de<\/a><\/p>\n","protected":false},"excerpt":{"rendered":"<p>Datenschutzerkl\u00e4rung 1. Datenschutz auf einen Blick Allgemeine Hinweise Die folgenden Hinweise geben einen einfachen \u00dcberblick dar\u00fcber, was mit Ihren personenbezogenen Daten passiert, [&hellip;]<\/p>\n","protected":false},"author":1,"featured_media":0,"parent":0,"menu_order":0,"comment_status":"closed","ping_status":"closed","template":"","meta":{"footnotes":""},"class_list":["post-175","page","type-page","status-publish","hentry"],"_links":{"self":[{"href":"https:\/\/mfhohenlimburg.de\/wordpress\/wp-json\/wp\/v2\/pages\/175","targetHints":{"allow":["GET"]}}],"collection":[{"href":"https:\/\/mfhohenlimburg.de\/wordpress\/wp-json\/wp\/v2\/pages"}],"about":[{"href":"https:\/\/mfhohenlimburg.de\/wordpress\/wp-json\/wp\/v2\/types\/page"}],"author":[{"embeddable":true,"href":"https:\/\/mfhohenlimburg.de\/wordpress\/wp-json\/wp\/v2\/users\/1"}],"replies":[{"embeddable":true,"href":"https:\/\/mfhohenlimburg.de\/wordpress\/wp-json\/wp\/v2\/comments?post=175"}],"version-history":[{"count":5,"href":"https:\/\/mfhohenlimburg.de\/wordpress\/wp-json\/wp\/v2\/pages\/175\/revisions"}],"predecessor-version":[{"id":626,"href":"https:\/\/mfhohenlimburg.de\/wordpress\/wp-json\/wp\/v2\/pages\/175\/revisions\/626"}],"wp:attachment":[{"href":"https:\/\/mfhohenlimburg.de\/wordpress\/wp-json\/wp\/v2\/media?parent=175"}],"curies":[{"name":"wp","href":"https:\/\/api.w.org\/{rel}","templated":true}]}}