{"id":217,"date":"2019-11-23T18:34:37","date_gmt":"2019-11-23T17:34:37","guid":{"rendered":"https:\/\/mfhohenlimburg.de\/wordpress\/?page_id=217"},"modified":"2024-11-11T14:39:51","modified_gmt":"2024-11-11T13:39:51","slug":"touristik","status":"publish","type":"page","link":"https:\/\/mfhohenlimburg.de\/wordpress\/touristik\/","title":{"rendered":"Touristik"},"content":{"rendered":"\n<h3 class=\"wp-block-heading\"> MOTORTOURISTISCHE VERANSTALTUNGEN<\/h3>\n\n\n\n<p>Wir laden mit unseren touristischen Veranstaltungen Jung und Alt ein, die eigene Heimat und die weitere Umgebung mit ihrer Sch\u00f6nheit und ihren Sehensw\u00fcrdigkeiten kennen und sch\u00e4tzen zu lernen.<\/p>\n\n\n\n<p> Man kann alleine, mit Freunden oder der ganzen Familie mit dem Auto, dem Rad oder zu Fu\u00df verschiedene interessante Orte entdecken. Dabei sollen Fragen beantwortet oder Aufgaben gel\u00f6st werden.<\/p>\n\n\n\n<p>Wir bieten an:<\/p>\n\n\n\n<ul class=\"wp-block-list\">\n<li>Heimatwettbewerb<\/li>\n\n\n\n<li>Online-Heimatwettbewerb<\/li>\n\n\n\n<li>Jugend-Heimatwettbewerb<\/li>\n\n\n\n<li>Stadtgang<\/li>\n\n\n\n<li>Stern- und Zielfahrten<\/li>\n\n\n\n<li>Youngtimertreffen Ruhr<\/li>\n<\/ul>\n\n\n\n<p>Das Ausschreibungsheft der touristischen Wettbewerbe, eine separate Bordkarte sowie die Ausschreibung f\u00fcr die Online- und Jugend-Heimatwettbewerbe k\u00f6nnen unten dem Men\u00fc Punkt &#8222;<strong>Touristik &#8211; Touristische Wettbewerbe 2025<\/strong>&#8220; heruntergeladen werden.<\/p>\n","protected":false},"excerpt":{"rendered":"<p>MOTORTOURISTISCHE VERANSTALTUNGEN Wir laden mit unseren touristischen Veranstaltungen Jung und Alt ein, die eigene Heimat und die weitere Umgebung mit ihrer Sch\u00f6nheit [&hellip;]<\/p>\n","protected":false},"author":1,"featured_media":0,"parent":0,"menu_order":0,"comment_status":"closed","ping_status":"closed","template":"","meta":{"footnotes":""},"class_list":["post-217","page","type-page","status-publish","hentry"],"_links":{"self":[{"href":"https:\/\/mfhohenlimburg.de\/wordpress\/wp-json\/wp\/v2\/pages\/217","targetHints":{"allow":["GET"]}}],"collection":[{"href":"https:\/\/mfhohenlimburg.de\/wordpress\/wp-json\/wp\/v2\/pages"}],"about":[{"href":"https:\/\/mfhohenlimburg.de\/wordpress\/wp-json\/wp\/v2\/types\/page"}],"author":[{"embeddable":true,"href":"https:\/\/mfhohenlimburg.de\/wordpress\/wp-json\/wp\/v2\/users\/1"}],"replies":[{"embeddable":true,"href":"https:\/\/mfhohenlimburg.de\/wordpress\/wp-json\/wp\/v2\/comments?post=217"}],"version-history":[{"count":10,"href":"https:\/\/mfhohenlimburg.de\/wordpress\/wp-json\/wp\/v2\/pages\/217\/revisions"}],"predecessor-version":[{"id":858,"href":"https:\/\/mfhohenlimburg.de\/wordpress\/wp-json\/wp\/v2\/pages\/217\/revisions\/858"}],"wp:attachment":[{"href":"https:\/\/mfhohenlimburg.de\/wordpress\/wp-json\/wp\/v2\/media?parent=217"}],"curies":[{"name":"wp","href":"https:\/\/api.w.org\/{rel}","templated":true}]}}