{"id":264,"date":"2019-11-25T20:09:58","date_gmt":"2019-11-25T19:09:58","guid":{"rendered":"https:\/\/mfhohenlimburg.de\/wordpress\/?page_id=264"},"modified":"2019-11-25T23:03:48","modified_gmt":"2019-11-25T22:03:48","slug":"vorstand","status":"publish","type":"page","link":"https:\/\/mfhohenlimburg.de\/wordpress\/vorstand\/","title":{"rendered":"Vorstand"},"content":{"rendered":"\n<figure class=\"wp-block-table alignleft is-style-stripes\"><table class=\"\"><tbody><tr><td class=\"has-text-align-left\" data-align=\"left\">Vorsitzender<\/td><td class=\"has-text-align-left\" data-align=\"left\"><a href=\"mailto:erwin.juedith@mfhohenlimburg.de\">Erwin J\u00fcdith<\/a><\/td><\/tr><tr><td class=\"has-text-align-left\" data-align=\"left\">stv. Vorsitzender<\/td><td class=\"has-text-align-left\" data-align=\"left\"><a href=\"mailto:frank.petri@mfhohenlimburg.de\">Frank Petri<\/a><\/td><\/tr><tr><td class=\"has-text-align-left\" data-align=\"left\">Schatzmeister<\/td><td class=\"has-text-align-left\" data-align=\"left\"><a href=\"mailto:kay.winterhager@mfhohenlimburg.de\">Kay Winterhager<\/a><\/td><\/tr><tr><td class=\"has-text-align-left\" data-align=\"left\">Schriftf\u00fchrerin<\/td><td class=\"has-text-align-left\" data-align=\"left\"><a href=\"mailto:heike.petri@mfhohenlimburg.de\">Heike Petri<\/a><\/td><\/tr><tr><td class=\"has-text-align-left\" data-align=\"left\">Touristikleiterin<\/td><td class=\"has-text-align-left\" data-align=\"left\"><a href=\"mailto:nicole.winterhager@mfhohenlimburg.de\">Nicole Winterhager<\/a><\/td><\/tr><tr><td class=\"has-text-align-left\" data-align=\"left\">Sportleiter<\/td><td class=\"has-text-align-left\" data-align=\"left\"><a href=\"mailto:erwin.juedith@mfhohenlimburg.de\">Erwin J\u00fcdith<\/a>                                                     <\/td><\/tr><tr><td class=\"has-text-align-left\" data-align=\"left\">Verkehrsreferent<\/td><td class=\"has-text-align-left\" data-align=\"left\"><a href=\"mailto:erwin.juedith@mfhohenlimburg.de\">Erwin J\u00fcdith<\/a><\/td><\/tr><\/tbody><\/table><\/figure>\n","protected":false},"excerpt":{"rendered":"<p>Vorsitzender Erwin J\u00fcdith stv. Vorsitzender Frank Petri Schatzmeister Kay Winterhager Schriftf\u00fchrerin Heike Petri Touristikleiterin Nicole Winterhager Sportleiter Erwin J\u00fcdith Verkehrsreferent Erwin J\u00fcdith<\/p>\n","protected":false},"author":1,"featured_media":0,"parent":0,"menu_order":0,"comment_status":"closed","ping_status":"closed","template":"","meta":{"footnotes":""},"class_list":["post-264","page","type-page","status-publish","hentry"],"_links":{"self":[{"href":"https:\/\/mfhohenlimburg.de\/wordpress\/wp-json\/wp\/v2\/pages\/264","targetHints":{"allow":["GET"]}}],"collection":[{"href":"https:\/\/mfhohenlimburg.de\/wordpress\/wp-json\/wp\/v2\/pages"}],"about":[{"href":"https:\/\/mfhohenlimburg.de\/wordpress\/wp-json\/wp\/v2\/types\/page"}],"author":[{"embeddable":true,"href":"https:\/\/mfhohenlimburg.de\/wordpress\/wp-json\/wp\/v2\/users\/1"}],"replies":[{"embeddable":true,"href":"https:\/\/mfhohenlimburg.de\/wordpress\/wp-json\/wp\/v2\/comments?post=264"}],"version-history":[{"count":9,"href":"https:\/\/mfhohenlimburg.de\/wordpress\/wp-json\/wp\/v2\/pages\/264\/revisions"}],"predecessor-version":[{"id":288,"href":"https:\/\/mfhohenlimburg.de\/wordpress\/wp-json\/wp\/v2\/pages\/264\/revisions\/288"}],"wp:attachment":[{"href":"https:\/\/mfhohenlimburg.de\/wordpress\/wp-json\/wp\/v2\/media?parent=264"}],"curies":[{"name":"wp","href":"https:\/\/api.w.org\/{rel}","templated":true}]}}